{"id":1118,"date":"2023-11-28T07:50:24","date_gmt":"2023-11-28T06:50:24","guid":{"rendered":"https:\/\/dev.selsi.eu\/?page_id=1118"},"modified":"2025-05-05T09:43:38","modified_gmt":"2025-05-05T08:43:38","slug":"domaca-stran","status":"publish","type":"page","link":"https:\/\/risa.si\/risa\/","title":{"rendered":"Doma\u010da stran"},"content":{"rendered":"<p>[et_pb_section fb_built=&#8221;1&#8243; _builder_version=&#8221;4.27.2&#8243; custom_margin=&#8221;3em||||false|false&#8221; custom_padding=&#8221;0px||0px||true|false&#8221; global_colors_info=&#8221;{}&#8221;][et_pb_row make_equal=&#8221;on&#8221; disabled_on=&#8221;off|off|off&#8221; _builder_version=&#8221;4.23.1&#8243; _module_preset=&#8221;default&#8221; background_color=&#8221;RGBA(255,255,255,0)&#8221; width=&#8221;100%&#8221; custom_margin=&#8221;10px||15px||false|false&#8221; custom_padding=&#8221;0px||0px||true|false&#8221; global_colors_info=&#8221;{}&#8221;][et_pb_column type=&#8221;4_4&#8243; _builder_version=&#8221;4.23.1&#8243; _module_preset=&#8221;default&#8221; custom_padding=&#8221;|||&#8221; border_color_all=&#8221;#9B6934&#8243; global_colors_info=&#8221;{}&#8221; custom_padding__hover=&#8221;|||&#8221;][et_pb_text disabled_on=&#8221;on|on|on&#8221; _builder_version=&#8221;4.27.4&#8243; _module_preset=&#8221;default&#8221; text_font=&#8221;|600|||||||&#8221; text_text_color=&#8221;#F00036&#8243; background_color=&#8221;gcid-35159c30-7d74-4395-8b02-c9ccc28df116&#8243; custom_padding=&#8221;5px|15px|5px|15px|true|true&#8221; custom_css_main_element=&#8221;\/*||display: flex;||align-items: center;||text-align: left;||height: 100%;||*\/&#8221; border_radii=&#8221;on|5px|5px|5px|5px&#8221; box_shadow_style=&#8221;preset3&#8243; box_shadow_color=&#8221;gcid-35159c30-7d74-4395-8b02-c9ccc28df116&#8243; disabled=&#8221;on&#8221; global_colors_info=&#8221;{%22gcid-35159c30-7d74-4395-8b02-c9ccc28df116%22:%91%22box_shadow_color%22,%22background_color%22%93}&#8221;]<\/p>\n<div><strong>POMEMBNO OBVESTILO.<\/strong><br \/>Vzpostavljamo novo risjo spletno stran.<br \/>Nekatere podstrani in vsebine \u0161e niso na voljo.<br \/>Obi\u0161\u010dite nas kmalu za ve\u010d vsebin.<\/div>\n<p>[\/et_pb_text][\/et_pb_column][\/et_pb_row][et_pb_row column_structure=&#8221;1_3,1_3,1_3&#8243; use_custom_gutter=&#8221;on&#8221; make_equal=&#8221;on&#8221; module_class=&#8221;flex-SameSize&#8221; _builder_version=&#8221;4.27.2&#8243; background_size=&#8221;initial&#8221; background_position=&#8221;top_left&#8221; background_repeat=&#8221;repeat&#8221; width=&#8221;95%&#8221; custom_padding=&#8221;10px||15px||false|true&#8221; border_color_all=&#8221;#F00036&#8243; global_colors_info=&#8221;{}&#8221;][et_pb_column type=&#8221;1_3&#8243; _builder_version=&#8221;4.27.2&#8243; custom_padding=&#8221;|||&#8221; border_color_all=&#8221;#9B6934&#8243; global_colors_info=&#8221;{}&#8221; custom_padding__hover=&#8221;|||&#8221;][et_pb_blurb title=&#8221;Dostopnost in lahko branje&#8221; image=&#8221;https:\/\/risa.si\/risa\/wp-content\/uploads\/2025\/01\/dostopnost.jpg&#8221; admin_label=&#8221;cklb&#8221; _builder_version=&#8221;4.27.4&#8243; _dynamic_attributes=&#8221;link_option_url&#8221; _module_preset=&#8221;bf113bf9-6166-434d-9614-b3d535e97e75&#8243; link_option_url=&#8221;@ET-DC@eyJkeW5hbWljIjp0cnVlLCJjb250ZW50IjoicG9zdF9saW5rX3VybF9wYWdlIiwic2V0dGluZ3MiOnsicG9zdF9pZCI6IjgyOSJ9fQ==@&#8221; global_colors_info=&#8221;{}&#8221;][\/et_pb_blurb][\/et_pb_column][et_pb_column type=&#8221;1_3&#8243; _builder_version=&#8221;4.23&#8243; _module_preset=&#8221;default&#8221; custom_padding=&#8221;|||&#8221; border_color_all=&#8221;#9B6934&#8243; global_colors_info=&#8221;{}&#8221; custom_padding__hover=&#8221;|||&#8221;][et_pb_blurb title=&#8221;Storitve za neodvisno \u017eivljenje v skupnosti&#8221; image=&#8221;https:\/\/risa.si\/risa\/wp-content\/uploads\/2025\/01\/storitve-za-neodvisno-zivljenje.jpg&#8221; admin_label=&#8221;oa&#8221; _builder_version=&#8221;4.27.4&#8243; _dynamic_attributes=&#8221;link_option_url&#8221; _module_preset=&#8221;bf113bf9-6166-434d-9614-b3d535e97e75&#8243; link_option_url=&#8221;@ET-DC@eyJkeW5hbWljIjp0cnVlLCJjb250ZW50IjoicG9zdF9saW5rX3VybF9wYWdlIiwic2V0dGluZ3MiOnsicG9zdF9pZCI6IjgzMyJ9fQ==@&#8221; global_colors_info=&#8221;{}&#8221;][\/et_pb_blurb][\/et_pb_column][et_pb_column type=&#8221;1_3&#8243; _builder_version=&#8221;4.23&#8243; _module_preset=&#8221;default&#8221; custom_padding=&#8221;|||&#8221; border_color_all=&#8221;#9B6934&#8243; global_colors_info=&#8221;{}&#8221; custom_padding__hover=&#8221;|||&#8221;][et_pb_blurb title=&#8221;Projekti&#8221; image=&#8221;https:\/\/risa.si\/risa\/wp-content\/uploads\/2025\/01\/projekti.jpg&#8221; admin_label=&#8221;projekti&#8221; _builder_version=&#8221;4.27.4&#8243; _dynamic_attributes=&#8221;link_option_url&#8221; _module_preset=&#8221;bf113bf9-6166-434d-9614-b3d535e97e75&#8243; link_option_url=&#8221;@ET-DC@eyJkeW5hbWljIjp0cnVlLCJjb250ZW50IjoicG9zdF9saW5rX3VybF9wYWdlIiwic2V0dGluZ3MiOnsicG9zdF9pZCI6IjgzNSJ9fQ==@&#8221; global_colors_info=&#8221;{}&#8221;][\/et_pb_blurb][\/et_pb_column][\/et_pb_row][et_pb_row column_structure=&#8221;1_3,1_3,1_3&#8243; use_custom_gutter=&#8221;on&#8221; make_equal=&#8221;on&#8221; module_class=&#8221;flex-SameSize&#8221; _builder_version=&#8221;4.23.1&#8243; background_size=&#8221;initial&#8221; background_position=&#8221;top_left&#8221; background_repeat=&#8221;repeat&#8221; width=&#8221;95%&#8221; custom_padding=&#8221;15px||10px||false|true&#8221; global_colors_info=&#8221;{}&#8221;][et_pb_column type=&#8221;1_3&#8243; _builder_version=&#8221;4.23&#8243; custom_padding=&#8221;|||&#8221; border_color_all=&#8221;#9B6934&#8243; global_colors_info=&#8221;{}&#8221; custom_padding__hover=&#8221;|||&#8221;][et_pb_blurb title=&#8221;Knji\u017enica&#8221; image=&#8221;https:\/\/risa.si\/risa\/wp-content\/uploads\/2025\/01\/knjiznica.jpg&#8221; admin_label=&#8221;risnica&#8221; _builder_version=&#8221;4.27.4&#8243; _dynamic_attributes=&#8221;link_option_url&#8221; _module_preset=&#8221;bf113bf9-6166-434d-9614-b3d535e97e75&#8243; link_option_url=&#8221;@ET-DC@eyJkeW5hbWljIjp0cnVlLCJjb250ZW50IjoicG9zdF9saW5rX3VybF9wYWdlIiwic2V0dGluZ3MiOnsicG9zdF9pZCI6Ijk4NCJ9fQ==@&#8221; global_colors_info=&#8221;{}&#8221;][\/et_pb_blurb][\/et_pb_column][et_pb_column type=&#8221;1_3&#8243; _builder_version=&#8221;4.27.2&#8243; _module_preset=&#8221;default&#8221; custom_padding=&#8221;|||&#8221; border_color_all=&#8221;#9B6934&#8243; global_colors_info=&#8221;{}&#8221; custom_padding__hover=&#8221;|||&#8221;][et_pb_blurb title=&#8221;Bodi ris, bodi risa&#8221; image=&#8221;https:\/\/risa.si\/risa\/wp-content\/uploads\/2025\/01\/bodi-ris.jpg&#8221; admin_label=&#8221;prostovoljstvo&#8221; _builder_version=&#8221;4.27.4&#8243; _dynamic_attributes=&#8221;link_option_url&#8221; _module_preset=&#8221;bf113bf9-6166-434d-9614-b3d535e97e75&#8243; link_option_url=&#8221;@ET-DC@eyJkeW5hbWljIjp0cnVlLCJjb250ZW50IjoicG9zdF9saW5rX3VybF9wYWdlIiwic2V0dGluZ3MiOnsicG9zdF9pZCI6IjQwNDAifX0=@&#8221; global_colors_info=&#8221;{}&#8221;][\/et_pb_blurb][\/et_pb_column][et_pb_column type=&#8221;1_3&#8243; _builder_version=&#8221;4.23&#8243; _module_preset=&#8221;default&#8221; custom_padding=&#8221;|||&#8221; border_color_all=&#8221;#9B6934&#8243; global_colors_info=&#8221;{}&#8221; custom_padding__hover=&#8221;|||&#8221;][et_pb_blurb title=&#8221;O risah in risih&#8221; image=&#8221;https:\/\/risa.si\/risa\/wp-content\/uploads\/2025\/01\/o-risah-in-risih.jpg&#8221; admin_label=&#8221;o risah&#8221; _builder_version=&#8221;4.27.4&#8243; _dynamic_attributes=&#8221;link_option_url&#8221; _module_preset=&#8221;bf113bf9-6166-434d-9614-b3d535e97e75&#8243; link_option_url=&#8221;@ET-DC@eyJkeW5hbWljIjp0cnVlLCJjb250ZW50IjoicG9zdF9saW5rX3VybF9wYWdlIiwic2V0dGluZ3MiOnsicG9zdF9pZCI6IjQwNTAifX0=@&#8221; global_colors_info=&#8221;{}&#8221;][\/et_pb_blurb][\/et_pb_column][\/et_pb_row][et_pb_row _builder_version=&#8221;4.27.4&#8243; _module_preset=&#8221;default&#8221; global_colors_info=&#8221;{}&#8221;][et_pb_column type=&#8221;4_4&#8243; _builder_version=&#8221;4.27.4&#8243; _module_preset=&#8221;default&#8221; global_colors_info=&#8221;{}&#8221;][et_pb_divider _builder_version=&#8221;4.27.4&#8243; _module_preset=&#8221;default&#8221; global_colors_info=&#8221;{}&#8221;][\/et_pb_divider][\/et_pb_column][\/et_pb_row][\/et_pb_section][et_pb_section fb_built=&#8221;1&#8243; _builder_version=&#8221;4.27.2&#8243; _module_preset=&#8221;default&#8221; global_colors_info=&#8221;{}&#8221;][et_pb_row _builder_version=&#8221;4.27.2&#8243; _module_preset=&#8221;default&#8221; global_colors_info=&#8221;{}&#8221;][et_pb_column type=&#8221;4_4&#8243; _builder_version=&#8221;4.27.4&#8243; _module_preset=&#8221;2fdd76f6-8c64-40ba-be0e-67c8fcc0efce&#8221; global_colors_info=&#8221;{}&#8221;][et_pb_heading title=&#8221;Hitre povezave&#8221; _builder_version=&#8221;4.27.2&#8243; _module_preset=&#8221;bdc7a4df-3ca5-4901-85ea-1a9b68d3f19a&#8221; global_colors_info=&#8221;{}&#8221;][\/et_pb_heading][\/et_pb_column][\/et_pb_row][et_pb_row column_structure=&#8221;1_3,1_3,1_3&#8243; admin_label=&#8221;Row1&#8243; _builder_version=&#8221;4.27.2&#8243; _module_preset=&#8221;default&#8221; locked=&#8221;off&#8221; global_colors_info=&#8221;{}&#8221;][et_pb_column type=&#8221;1_3&#8243; _builder_version=&#8221;4.27.2&#8243; _module_preset=&#8221;default&#8221; global_colors_info=&#8221;{}&#8221;][et_pb_blurb image=&#8221;https:\/\/risa.si\/risa\/wp-content\/uploads\/2025\/01\/risa-novice.webp&#8221; admin_label=&#8221;novice vse&#8221; _builder_version=&#8221;4.27.4&#8243; _dynamic_attributes=&#8221;link_option_url&#8221; _module_preset=&#8221;d17bca48-5a60-4c49-8983-805b0bbe1999&#8243; link_option_url=&#8221;@ET-DC@eyJkeW5hbWljIjp0cnVlLCJjb250ZW50IjoicG9zdF9saW5rX3VybF9wYWdlIiwic2V0dGluZ3MiOnsicG9zdF9pZCI6IjMyODQifX0=@&#8221; border_width_all=&#8221;0px&#8221; global_colors_info=&#8221;{}&#8221; transform_styles__hover_enabled=&#8221;on|hover&#8221; transform_scale__hover=&#8221;105%|105%&#8221; transform_scale__hover_enabled=&#8221;on|hover&#8221; transform_translate__hover_enabled=&#8221;on|desktop&#8221; transform_rotate__hover_enabled=&#8221;on|desktop&#8221; transform_skew__hover_enabled=&#8221;on|desktop&#8221; transform_origin__hover_enabled=&#8221;on|desktop&#8221;]<\/p>\n<p>Vse novice<\/p>\n<p>[\/et_pb_blurb][\/et_pb_column][et_pb_column type=&#8221;1_3&#8243; _builder_version=&#8221;4.27.2&#8243; _module_preset=&#8221;default&#8221; global_colors_info=&#8221;{}&#8221;][et_pb_blurb image=&#8221;https:\/\/risa.si\/risa\/wp-content\/uploads\/2025\/01\/projekt-UNITY_250.jpg&#8221; disabled_on=&#8221;off|off|off&#8221; admin_label=&#8221;Unity&#8221; _builder_version=&#8221;4.27.4&#8243; _dynamic_attributes=&#8221;link_option_url&#8221; _module_preset=&#8221;d17bca48-5a60-4c49-8983-805b0bbe1999&#8243; link_option_url=&#8221;@ET-DC@eyJkeW5hbWljIjp0cnVlLCJjb250ZW50IjoicG9zdF9saW5rX3VybF9wYWdlIiwic2V0dGluZ3MiOnsicG9zdF9pZCI6IjQzODgifX0=@&#8221; locked=&#8221;off&#8221; global_colors_info=&#8221;{}&#8221; transform_styles__hover_enabled=&#8221;on|hover&#8221; transform_scale__hover_enabled=&#8221;on|hover&#8221; transform_translate__hover_enabled=&#8221;on|desktop&#8221; transform_rotate__hover_enabled=&#8221;on|desktop&#8221; transform_skew__hover_enabled=&#8221;on|desktop&#8221; transform_origin__hover_enabled=&#8221;on|desktop&#8221; transform_scale__hover=&#8221;105%|105%&#8221;]<\/p>\n<p>UNITY Project<\/p>\n<p>[\/et_pb_blurb][\/et_pb_column][et_pb_column type=&#8221;1_3&#8243; _builder_version=&#8221;4.27.2&#8243; _module_preset=&#8221;default&#8221; global_colors_info=&#8221;{}&#8221;][et_pb_blurb image=&#8221;https:\/\/risa.si\/risa\/wp-content\/uploads\/2025\/01\/digi-scena_512.jpg&#8221; disabled_on=&#8221;off|off|off&#8221; admin_label=&#8221;Digi scena&#8221; _builder_version=&#8221;4.27.4&#8243; _module_preset=&#8221;d17bca48-5a60-4c49-8983-805b0bbe1999&#8243; link_option_url=&#8221;https:\/\/www.digiscena.si\/&#8221; link_option_url_new_window=&#8221;on&#8221; locked=&#8221;off&#8221; global_colors_info=&#8221;{}&#8221; transform_styles__hover_enabled=&#8221;on|hover&#8221; transform_scale__hover_enabled=&#8221;on|hover&#8221; transform_translate__hover_enabled=&#8221;on|desktop&#8221; transform_rotate__hover_enabled=&#8221;on|desktop&#8221; transform_skew__hover_enabled=&#8221;on|desktop&#8221; transform_origin__hover_enabled=&#8221;on|desktop&#8221; transform_scale__hover=&#8221;105%|105%&#8221;]<\/p>\n<p>Klepetalnica<br \/>DIGI-SCENA<\/p>\n<p>[\/et_pb_blurb][\/et_pb_column][\/et_pb_row][et_pb_row column_structure=&#8221;1_3,1_3,1_3&#8243; admin_label=&#8221;Row1&#8243; _builder_version=&#8221;4.27.2&#8243; _module_preset=&#8221;default&#8221; locked=&#8221;off&#8221; global_colors_info=&#8221;{}&#8221;][et_pb_column type=&#8221;1_3&#8243; _builder_version=&#8221;4.27.2&#8243; _module_preset=&#8221;default&#8221; global_colors_info=&#8221;{}&#8221;][et_pb_blurb image=&#8221;https:\/\/risa.si\/risa\/wp-content\/uploads\/2025\/05\/aktualni-dogodki.jpg&#8221; disabled_on=&#8221;off|off|off&#8221; admin_label=&#8221;Aktualni dogodki&#8221; _builder_version=&#8221;4.27.4&#8243; _dynamic_attributes=&#8221;link_option_url&#8221; _module_preset=&#8221;d17bca48-5a60-4c49-8983-805b0bbe1999&#8243; link_option_url=&#8221;@ET-DC@eyJkeW5hbWljIjp0cnVlLCJjb250ZW50IjoicG9zdF9saW5rX3VybF9wYWdlIiwic2V0dGluZ3MiOnsicG9zdF9pZCI6IjUwOTEifX0=@&#8221; hover_enabled=&#8221;0&#8243; locked=&#8221;off&#8221; global_colors_info=&#8221;{}&#8221; transform_styles__hover_enabled=&#8221;on|hover&#8221; transform_scale__hover_enabled=&#8221;on|hover&#8221; transform_translate__hover_enabled=&#8221;on|desktop&#8221; transform_rotate__hover_enabled=&#8221;on|desktop&#8221; transform_skew__hover_enabled=&#8221;on|desktop&#8221; transform_origin__hover_enabled=&#8221;on|desktop&#8221; transform_scale__hover=&#8221;105%|105%&#8221; sticky_enabled=&#8221;0&#8243;]<\/p>\n<p>Aktualni dogodki<\/p>\n<p>[\/et_pb_blurb][\/et_pb_column][et_pb_column type=&#8221;1_3&#8243; _builder_version=&#8221;4.27.2&#8243; _module_preset=&#8221;default&#8221; global_colors_info=&#8221;{}&#8221;][et_pb_blurb image=&#8221;https:\/\/risa.si\/risa\/wp-content\/uploads\/2024\/12\/20-minut.webp&#8221; admin_label=&#8221;20 minut&#8221; _builder_version=&#8221;4.27.4&#8243; _dynamic_attributes=&#8221;link_option_url&#8221; _module_preset=&#8221;d17bca48-5a60-4c49-8983-805b0bbe1999&#8243; link_option_url=&#8221;@ET-DC@eyJkeW5hbWljIjp0cnVlLCJjb250ZW50IjoicG9zdF9saW5rX3VybF9wYWdlIiwic2V0dGluZ3MiOnsicG9zdF9pZCI6Ijk4MiJ9fQ==@&#8221; locked=&#8221;off&#8221; global_colors_info=&#8221;{}&#8221;]<\/p>\n<p>\u010casopis 20 minut<\/p>\n<p>[\/et_pb_blurb][\/et_pb_column][et_pb_column type=&#8221;1_3&#8243; _builder_version=&#8221;4.27.2&#8243; _module_preset=&#8221;default&#8221; global_colors_info=&#8221;{}&#8221;][et_pb_blurb image=&#8221;https:\/\/risa.si\/risa\/wp-content\/uploads\/2025\/01\/digi-scena_512.jpg&#8221; disabled_on=&#8221;on|on|on&#8221; admin_label=&#8221;Digi scena&#8221; _builder_version=&#8221;4.27.4&#8243; _module_preset=&#8221;d17bca48-5a60-4c49-8983-805b0bbe1999&#8243; link_option_url=&#8221;https:\/\/www.digiscena.si\/&#8221; link_option_url_new_window=&#8221;on&#8221; disabled=&#8221;on&#8221; locked=&#8221;off&#8221; global_colors_info=&#8221;{}&#8221; transform_styles__hover_enabled=&#8221;on|hover&#8221; transform_scale__hover_enabled=&#8221;on|hover&#8221; transform_translate__hover_enabled=&#8221;on|desktop&#8221; transform_rotate__hover_enabled=&#8221;on|desktop&#8221; transform_skew__hover_enabled=&#8221;on|desktop&#8221; transform_origin__hover_enabled=&#8221;on|desktop&#8221; transform_scale__hover=&#8221;105%|105%&#8221;]<\/p>\n<p>Klepetalnica<br \/>DIGI-SCENA<\/p>\n<p>[\/et_pb_blurb][\/et_pb_column][\/et_pb_row][\/et_pb_section]<\/p>\n","protected":false},"excerpt":{"rendered":"<p>POMEMBNO OBVESTILO.Vzpostavljamo novo risjo spletno stran.Nekatere podstrani in vsebine \u0161e niso na voljo.Obi\u0161\u010dite nas kmalu za ve\u010d vsebin.Vse noviceUNITY ProjectKlepetalnicaDIGI-SCENAAktualni dogodki\u010casopis 20 minutKlepetalnicaDIGI-SCENA<\/p>\n","protected":false},"author":1,"featured_media":0,"parent":0,"menu_order":0,"comment_status":"closed","ping_status":"closed","template":"","meta":{"_et_pb_use_builder":"on","_et_pb_old_content":"Lorem ipsum dolor sit amet, consectetur adipiscing elit, sed do eiusmod tempor incididunt ut labore et dolore magna aliqua. Egestas congue quisque egestas diam in arcu cursus euismod quis. Eros in cursus turpis massa tincidunt dui ut. Aliquam ut porttitor leo a diam sollicitudin tempor. Sed felis eget velit aliquet sagittis id. Diam vulputate ut pharetra sit amet aliquam id diam. Id donec ultrices tincidunt arcu non. Ullamcorper a lacus vestibulum sed. Porttitor rhoncus dolor purus non enim praesent elementum. Viverra ipsum nunc aliquet bibendum enim facilisis gravida.\r\n\r\nSit amet nisl suscipit adipiscing bibendum est ultricies. Nunc congue nisi vitae suscipit. Suspendisse sed nisi lacus sed. In fermentum et sollicitudin ac orci phasellus. Et egestas quis ipsum suspendisse ultrices gravida. Orci sagittis eu volutpat odio. Quam pellentesque nec nam aliquam. Convallis tellus id interdum velit laoreet id donec. Et egestas quis ipsum suspendisse ultrices. Quis risus sed vulputate odio ut enim blandit. Posuere lorem ipsum dolor sit amet. Vitae ultricies leo integer malesuada nunc vel risus commodo viverra. Molestie at elementum eu facilisis sed odio morbi quis commodo. Fermentum et sollicitudin ac orci phasellus egestas tellus rutrum tellus. Id consectetur purus ut faucibus pulvinar. Adipiscing elit ut aliquam purus sit amet luctus venenatis.\r\n\r\nAenean euismod elementum nisi quis eleifend. Posuere lorem ipsum dolor sit amet consectetur adipiscing elit. Dictumst vestibulum rhoncus est pellentesque elit ullamcorper dignissim. Laoreet suspendisse interdum consectetur libero id. Mauris vitae ultricies leo integer malesuada nunc vel risus commodo. Tortor at auctor urna nunc id cursus. Semper viverra nam libero justo laoreet sit amet cursus. Elementum nibh tellus molestie nunc non blandit massa. Elit scelerisque mauris pellentesque pulvinar pellentesque habitant morbi tristique. Pellentesque nec nam aliquam sem. Egestas sed sed risus pretium quam. Interdum consectetur libero id faucibus nisl tincidunt eget nullam non. Vel pharetra vel turpis nunc. Id leo in vitae turpis. Auctor augue mauris augue neque gravida in fermentum. Ut porttitor leo a diam sollicitudin. Dolor sit amet consectetur adipiscing. Quisque egestas diam in arcu cursus euismod.","_et_gb_content_width":"","footnotes":""},"folder":[16],"class_list":["post-1118","page","type-page","status-publish","hentry"],"_links":{"self":[{"href":"https:\/\/risa.si\/risa\/wp-json\/wp\/v2\/pages\/1118","targetHints":{"allow":["GET"]}}],"collection":[{"href":"https:\/\/risa.si\/risa\/wp-json\/wp\/v2\/pages"}],"about":[{"href":"https:\/\/risa.si\/risa\/wp-json\/wp\/v2\/types\/page"}],"author":[{"embeddable":true,"href":"https:\/\/risa.si\/risa\/wp-json\/wp\/v2\/users\/1"}],"replies":[{"embeddable":true,"href":"https:\/\/risa.si\/risa\/wp-json\/wp\/v2\/comments?post=1118"}],"version-history":[{"count":60,"href":"https:\/\/risa.si\/risa\/wp-json\/wp\/v2\/pages\/1118\/revisions"}],"predecessor-version":[{"id":5107,"href":"https:\/\/risa.si\/risa\/wp-json\/wp\/v2\/pages\/1118\/revisions\/5107"}],"wp:attachment":[{"href":"https:\/\/risa.si\/risa\/wp-json\/wp\/v2\/media?parent=1118"}],"wp:term":[{"taxonomy":"folder","embeddable":true,"href":"https:\/\/risa.si\/risa\/wp-json\/wp\/v2\/folder?post=1118"}],"curies":[{"name":"wp","href":"https:\/\/api.w.org\/{rel}","templated":true}]}}